{"id":43,"date":"2025-05-26T11:23:25","date_gmt":"2025-05-26T11:23:25","guid":{"rendered":"https:\/\/projetoatitudes.com\/page\/?page_id=43"},"modified":"2025-08-21T11:29:56","modified_gmt":"2025-08-21T11:29:56","slug":"homepage","status":"publish","type":"page","link":"https:\/\/projetoatitudes.com\/page\/","title":{"rendered":""},"content":{"rendered":"\n<div style=\"height:37px\" aria-hidden=\"true\" class=\"wp-block-spacer\"><\/div>\n\n\n\n<figure class=\"wp-block-image aligncenter size-large is-resized\"><img loading=\"lazy\" decoding=\"async\" width=\"1024\" height=\"255\" src=\"https:\/\/projetoatitudes.com\/page\/wp-content\/uploads\/2025\/05\/Design-sem-nome-2-2-1-1024x255.png\" alt=\"\" class=\"wp-image-133\" style=\"width:610px;height:auto\" srcset=\"https:\/\/projetoatitudes.com\/page\/wp-content\/uploads\/2025\/05\/Design-sem-nome-2-2-1-1024x255.png 1024w, https:\/\/projetoatitudes.com\/page\/wp-content\/uploads\/2025\/05\/Design-sem-nome-2-2-1-300x75.png 300w, https:\/\/projetoatitudes.com\/page\/wp-content\/uploads\/2025\/05\/Design-sem-nome-2-2-1.png 1918w\" sizes=\"auto, (max-width: 1024px) 100vw, 1024px\" \/><\/figure>\n\n\n\n<div class=\"wp-block-group alignwide has-global-padding is-layout-constrained wp-block-group-is-layout-constrained\">\n<h2 class=\"wp-block-heading alignfull has-text-align-center has-secondary-color has-text-color has-link-color wp-elements-cba5b6a2eb5439a1e7e84f52239ea9f5\" style=\"font-size:clamp(17.905px, 1.119rem + ((1vw - 3.2px) * 0.893), 28px);letter-spacing:1px\">Atitudes que educam, valores que permanecem<\/h2>\n\n\n\n<p class=\"has-text-align-center has-medium-font-size\">Livro did\u00e1tico complementar para <mark style=\"background-color:rgba(0, 0, 0, 0)\" class=\"has-inline-color has-secondary-color\"><strong>oficinas e projetos em escolas de tempo integral<\/strong><\/mark>, alinhado \u00e0 BNCC e focado no desenvolvimento de compet\u00eancias socioemocionais, cidadania e autonomia de estudantes do <strong><mark style=\"background-color:rgba(0, 0, 0, 0)\" class=\"has-inline-color has-secondary-color\">4\u00ba e 5\u00ba anos<\/mark><\/strong>.<\/p>\n\n\n\n<div class=\"wp-block-buttons is-horizontal is-content-justification-center is-layout-flex wp-container-core-buttons-is-layout-03627597 wp-block-buttons-is-layout-flex\">\n<div class=\"wp-block-button is-style-outline is-style-outline--1\"><a class=\"wp-block-button__link has-white-color has-secondary-background-color has-text-color has-background has-link-color has-small-font-size has-custom-font-size wp-element-button\" href=\"https:\/\/projetoatitudes.com\/page\/conheca-o-projeto-atitudes\/\" style=\"border-radius:0px\">CONHE\u00c7A O LIVRO<\/a><\/div>\n\n\n\n<div class=\"wp-block-button is-style-outline is-style-outline--2\"><a class=\"wp-block-button__link has-white-color has-secondary-background-color has-text-color has-background has-link-color has-small-font-size has-custom-font-size wp-element-button\" href=\"https:\/\/projetoatitudes.com\/page\/contato\/\" style=\"border-radius:0px\">FALE CONOSCO<\/a><\/div>\n<\/div>\n<\/div>\n\n\n\n<div id=\"services\" class=\"wp-block-group alignfull pattern_multiple_covers has-background has-global-padding is-layout-constrained wp-block-group-is-layout-constrained\">\n<div style=\"height:11px\" aria-hidden=\"true\" class=\"wp-block-spacer\"><\/div>\n\n\n\n<p class=\"has-text-align-left has-secondary-color has-text-color\" style=\"font-size:clamp(15.747px, 0.984rem + ((1vw - 3.2px) * 0.73), 24px);letter-spacing:1px\"><strong>SOBRE O PROJETO<\/strong><\/p>\n\n\n\n<h2 class=\"wp-block-heading has-text-align-left has-secondary-color has-text-color has-link-color has-medium-font-size wp-elements-ef72ee6c5ba6b790bbc90b4a68f14c1e\">O que \u00e9 o Projeto Atitudes?<\/h2>\n\n\n\n<p class=\"has-text-align-left has-small-font-size\">O Projeto Atitudes \u00e9 um <strong><a href=\"https:\/\/projetoatitudes.com\/page\/wp-content\/uploads\/2025\/06\/Registro-MEC-1.pdf\"><mark style=\"background-color:rgba(0, 0, 0, 0)\" class=\"has-inline-color has-secondary-color\">material did\u00e1tico<\/mark><\/a><\/strong> criado para apoiar escolas de ensino fundamental no desenvolvimento integral de seus alunos.<\/p>\n\n\n\n<p class=\"has-small-font-size\">Com linguagem acess\u00edvel e atividades envolventes, o livro trabalha temas como empatia, conviv\u00eancia, autonomia, cidadania e projeto de vida, promovendo reflex\u00f5es e atitudes positivas dentro e fora da escola.<\/p>\n\n\n\n<p class=\"has-text-align-left has-small-font-size\">Alinhado \u00e0 BNCC, especialmente \u00e0 Compet\u00eancia 10, e \u00e0 proposta de educa\u00e7\u00e3o integral, o material pode ser utilizado em disciplinas como Projeto de Vida, Educa\u00e7\u00e3o Socioemocional ou Ensino Religioso, com uma carga hor\u00e1ria adapt\u00e1vel de at\u00e9 80 horas.&nbsp;<\/p>\n\n\n\n<p class=\"has-text-align-left has-small-font-size\">O livro Atitudes: Boas Maneiras, Valores e Cidadania&nbsp; tamb\u00e9m pode ser implementado como uma oficina ou como um <strong><a href=\"https:\/\/projetoatitudes.com\/page\/wp-content\/uploads\/2025\/06\/Ficha-catalografica.pdf\"><mark style=\"background-color:rgba(0, 0, 0, 0)\" class=\"has-inline-color has-secondary-color\">projeto de educa\u00e7\u00e3o integral<\/mark><\/a><\/strong>.<\/p>\n\n\n\n<div style=\"height:31px\" aria-hidden=\"true\" class=\"wp-block-spacer\"><\/div>\n\n\n\n<div class=\"wp-block-columns is-layout-flex wp-container-core-columns-is-layout-28f84493 wp-block-columns-is-layout-flex\">\n<div class=\"wp-block-column is-layout-flow wp-block-column-is-layout-flow\" style=\"padding-top:0;padding-right:0;padding-bottom:0;padding-left:0\">\n<figure class=\"wp-block-image aligncenter size-full\"><a href=\"https:\/\/projetoatitudes.com\/page\/conheca-o-projeto-atitudes\/\"><img loading=\"lazy\" decoding=\"async\" width=\"400\" height=\"533\" src=\"https:\/\/projetoatitudes.com\/page\/wp-content\/uploads\/2025\/06\/Capa-Atitudes-2.png\" alt=\"\" class=\"wp-image-584\" srcset=\"https:\/\/projetoatitudes.com\/page\/wp-content\/uploads\/2025\/06\/Capa-Atitudes-2.png 400w, https:\/\/projetoatitudes.com\/page\/wp-content\/uploads\/2025\/06\/Capa-Atitudes-2-225x300.png 225w\" sizes=\"auto, (max-width: 400px) 100vw, 400px\" \/><\/a><\/figure>\n<\/div>\n\n\n\n<div class=\"wp-block-column is-layout-flow wp-block-column-is-layout-flow\" style=\"padding-top:0;padding-right:0;padding-bottom:0;padding-left:0\">\n<figure class=\"wp-block-image aligncenter size-large is-resized\"><a href=\"https:\/\/projetoatitudes.com\/page\/conheca-o-projeto-atitudes\/\"><img loading=\"lazy\" decoding=\"async\" width=\"724\" height=\"1024\" src=\"https:\/\/projetoatitudes.com\/page\/wp-content\/uploads\/2025\/08\/Imagem-724x1024.png\" alt=\"\" class=\"wp-image-949\" style=\"width:378px;height:auto\" srcset=\"https:\/\/projetoatitudes.com\/page\/wp-content\/uploads\/2025\/08\/Imagem-724x1024.png 724w, https:\/\/projetoatitudes.com\/page\/wp-content\/uploads\/2025\/08\/Imagem-212x300.png 212w, https:\/\/projetoatitudes.com\/page\/wp-content\/uploads\/2025\/08\/Imagem.png 1414w\" sizes=\"auto, (max-width: 724px) 100vw, 724px\" \/><\/a><\/figure>\n<\/div>\n<\/div>\n\n\n\n<div style=\"height:41px\" aria-hidden=\"true\" class=\"wp-block-spacer\"><\/div>\n<\/div>\n\n\n\n<div class=\"wp-block-group alignfull has-global-padding is-layout-constrained wp-block-group-is-layout-constrained\">\n<div class=\"wp-block-columns are-vertically-aligned-top is-layout-flex wp-container-core-columns-is-layout-c375d253 wp-block-columns-is-layout-flex\">\n<div class=\"wp-block-column is-vertically-aligned-top is-layout-flow wp-block-column-is-layout-flow\">\n<p class=\"has-secondary-color has-text-color has-link-color wp-elements-0c1ebbb54f0f4cce179314056e6b6580\" style=\"font-size:clamp(15.747px, 0.984rem + ((1vw - 3.2px) * 0.73), 24px);\"><strong>NOSSO P\u00daBLICO<\/strong><\/p>\n\n\n\n<p class=\"has-secondary-color has-text-color has-link-color has-medium-font-size wp-elements-f231bb540fc18fd6a09505e5caea2df2\"><strong>Feito para escolas que acreditam no poder da forma\u00e7\u00e3o integral<\/strong><\/p>\n\n\n\n<p class=\"has-small-font-size\">Ideal para redes p\u00fablicas e privadas que atuam com educa\u00e7\u00e3o em tempo integral ou que valorizam o desenvolvimento socioemocional de seus alunos.<\/p>\n\n\n\n<p class=\"has-small-font-size\">Recomendado para projetos e oficinas. Para o&nbsp; 4\u00ba e 5\u00ba ano do Ensino Fundamental, o Projeto Atitudes pode ser aplicado por professores de diferentes \u00e1reas.<\/p>\n<\/div>\n\n\n\n<div class=\"wp-block-column is-vertically-aligned-top is-layout-flow wp-block-column-is-layout-flow\">\n<figure class=\"wp-block-image aligncenter size-full is-resized\"><a href=\"https:\/\/projetoatitudes.com\/page\/808-2\/\"><img loading=\"lazy\" decoding=\"async\" width=\"603\" height=\"578\" src=\"https:\/\/projetoatitudes.com\/page\/wp-content\/uploads\/2025\/05\/Captura-de-tela-2025-05-26-191346.png\" alt=\"\" class=\"wp-image-150\" style=\"width:407px;height:auto\" srcset=\"https:\/\/projetoatitudes.com\/page\/wp-content\/uploads\/2025\/05\/Captura-de-tela-2025-05-26-191346.png 603w, https:\/\/projetoatitudes.com\/page\/wp-content\/uploads\/2025\/05\/Captura-de-tela-2025-05-26-191346-300x288.png 300w\" sizes=\"auto, (max-width: 603px) 100vw, 603px\" \/><\/a><figcaption class=\"wp-element-caption\"><a href=\"https:\/\/projetoatitudes.com\/page\/808-2\/\">Registros de quem j\u00e1 acredita na educa\u00e7\u00e3o com valores.<\/a><\/figcaption><\/figure>\n<\/div>\n<\/div>\n<\/div>\n\n\n\n<div style=\"height:37px\" aria-hidden=\"true\" class=\"wp-block-spacer\"><\/div>\n\n\n\n<h2 class=\"wp-block-heading has-text-align-center has-secondary-color has-text-color has-link-color wp-elements-7ebdc78f2e53dadfb7d31bfc4f0bace7\" style=\"font-size:clamp(15.197px, 0.95rem + ((1vw - 3.2px) * 0.691), 23px);line-height:1.3\"><strong>BENEF\u00cdCIOS PARA A ESCOLA <br>Por que escolher o Projeto Atitudes?<\/strong><\/h2>\n\n\n\n<div class=\"wp-block-columns is-layout-flex wp-container-core-columns-is-layout-28f84493 wp-block-columns-is-layout-flex\">\n<div class=\"wp-block-column has-global-padding is-layout-constrained wp-block-column-is-layout-constrained\" style=\"flex-basis:100%\">\n<div class=\"wp-block-columns is-layout-flex wp-container-core-columns-is-layout-28f84493 wp-block-columns-is-layout-flex\">\n<div class=\"wp-block-column is-layout-flow wp-block-column-is-layout-flow\" style=\"flex-basis:50%\">\n<div class=\"wp-block-group has-global-padding is-layout-constrained wp-block-group-is-layout-constrained\">\n<p class=\"has-border-color has-white-border-color has-white-background-color has-background has-small-font-size\" style=\"border-radius:0px;margin-top:0;margin-right:var(--wp--preset--spacing--x-large);margin-bottom:0;margin-left:var(--wp--preset--spacing--x-large);padding-top:var(--wp--preset--spacing--x-small);padding-right:var(--wp--preset--spacing--x-small);padding-bottom:var(--wp--preset--spacing--x-small);padding-left:var(--wp--preset--spacing--x-small)\"><br><img decoding=\"async\" width=\"10\" height=\"10\n\" src=\"https:\/\/projetoatitudes.com\/page\/wp-content\/uploads\/2025\/06\/Capa-Atitudes-2.png\" alt=\"\u00cdcone Atitudes\"> Alinhado \u00e0 BNCC e \u00e0 proposta de forma\u00e7\u00e3o integral;<br><img decoding=\"async\" width=\"10\" height=\"10\n\" src=\"https:\/\/projetoatitudes.com\/page\/wp-content\/uploads\/2025\/06\/Capa-Atitudes-2.png\" alt=\"\u00cdcone Atitudes\"> Desenvolve habilidades como empatia, responsabilidade e coopera\u00e7\u00e3o;<br><img decoding=\"async\" width=\"10\" height=\"10\n\" src=\"https:\/\/projetoatitudes.com\/page\/wp-content\/uploads\/2025\/06\/Capa-Atitudes-2.png\" alt=\"\u00cdcone Atitudes\"> Carga hor\u00e1ria adapt\u00e1vel (sugest\u00e3o de 80 horas);<br><img decoding=\"async\" width=\"10\" height=\"10\n\" src=\"https:\/\/projetoatitudes.com\/page\/wp-content\/uploads\/2025\/06\/Capa-Atitudes-2.png\" alt=\"\u00cdcone Atitudes\"> Acompanha atividades pr\u00e1ticas, hist\u00f3rias e reflex\u00f5es;<br><img decoding=\"async\" width=\"10\" height=\"10\n\" src=\"https:\/\/projetoatitudes.com\/page\/wp-content\/uploads\/2025\/06\/Capa-Atitudes-2.png\" alt=\"\u00cdcone Atitudes\"> Pode ser usado em diferentes disciplinas ou tempos formativos;<br><img decoding=\"async\" width=\"10\" height=\"10\n\" src=\"https:\/\/projetoatitudes.com\/page\/wp-content\/uploads\/2025\/06\/Capa-Atitudes-2.png\" alt=\"\u00cdcone Atitudes\"> F\u00e1cil aplica\u00e7\u00e3o pelos professores, com orienta\u00e7\u00f5es claras;<br><img decoding=\"async\" width=\"10\" height=\"10\n\" src=\"https:\/\/projetoatitudes.com\/page\/wp-content\/uploads\/2025\/06\/Capa-Atitudes-2.png\" alt=\"\u00cdcone Atitudes\"> Feito para escolas que acreditam no poder da forma\u00e7\u00e3o integral;<br><img decoding=\"async\" width=\"10\" height=\"10\n\" src=\"https:\/\/projetoatitudes.com\/page\/wp-content\/uploads\/2025\/06\/Capa-Atitudes-2.png\" alt=\"\u00cdcone Atitudes\"> Porque formar cidad\u00e3os vai al\u00e9m dos conte\u00fados \u2014 \u00e9 cuidar das emo\u00e7\u00f5es, das atitudes e dos valores.<\/p>\n<\/div>\n<\/div>\n\n\n\n<div class=\"wp-block-column is-layout-flow wp-block-column-is-layout-flow\" style=\"flex-basis:50%\">\n<figure class=\"wp-block-image aligncenter size-full is-resized\"><img loading=\"lazy\" decoding=\"async\" width=\"703\" height=\"758\" src=\"https:\/\/projetoatitudes.com\/page\/wp-content\/uploads\/2025\/05\/Captura-de-tela-2025-05-26-191257.png\" alt=\"\" class=\"wp-image-148\" style=\"width:368px;height:auto\" srcset=\"https:\/\/projetoatitudes.com\/page\/wp-content\/uploads\/2025\/05\/Captura-de-tela-2025-05-26-191257.png 703w, https:\/\/projetoatitudes.com\/page\/wp-content\/uploads\/2025\/05\/Captura-de-tela-2025-05-26-191257-278x300.png 278w\" sizes=\"auto, (max-width: 703px) 100vw, 703px\" \/><\/figure>\n<\/div>\n<\/div>\n<\/div>\n<\/div>\n\n\n\n<div style=\"height:16px\" aria-hidden=\"true\" class=\"wp-block-spacer\"><\/div>\n\n\n\n<div class=\"wp-block-group alignfull has-global-padding is-layout-constrained wp-block-group-is-layout-constrained\" id=\"team\">\n<div class=\"wp-block-group is-layout-flow wp-block-group-is-layout-flow\">\n<p class=\"has-secondary-color has-text-color has-link-color wp-elements-42fc5273201a47c5c0af451f3511af67\" style=\"font-size:clamp(15.747px, 0.984rem + ((1vw - 3.2px) * 0.73), 24px);\"><strong>COMO ADQUIRIR<\/strong><\/p>\n\n\n\n<h2 class=\"wp-block-heading has-secondary-color has-text-color has-link-color has-medium-font-size wp-elements-df94e049492b05d1c2954592dfc33d0c\">Leve o Projeto Atitudes para sua Rede de Ensino<\/h2>\n\n\n\n<p>\u00c9 simples e seguro! O Projeto Atitudes est\u00e1 dispon\u00edvel para Prefeituras, Secretarias de Educa\u00e7\u00e3o e Institui\u00e7\u00f5es de Ensino. <\/p>\n\n\n\n<p>Por se tratar de um produto com exclusividade certificada pela C\u00e2mara Brasileira do Livro, sua aquisi\u00e7\u00e3o ocorre por meio do processo de licita\u00e7\u00e3o para produto exclusivo.<\/p>\n\n\n\n<p class=\"has-secondary-color has-text-color has-link-color wp-elements-d3a3114ab07bcdcf8bd418377b20a1dd\"><strong>Quer saber mais?<\/strong><\/p>\n\n\n\n<p class=\"has-primary-color has-text-color has-link-color wp-elements-2b5fd499fc1e8585d183a5b899ee4f08\">Clique em <strong><a href=\"https:\/\/projetoatitudes.com\/page\/solicite-sua-proposta\/\"><mark style=\"background-color:rgba(0, 0, 0, 0)\" class=\"has-inline-color has-secondary-color\">Solicite sua Proposta<\/mark><\/a><\/strong>. Nossa equipe est\u00e1 pronta para atender voc\u00ea e sua Escola!<\/p>\n<\/div>\n\n\n\n<div class=\"wp-block-group has-global-padding is-layout-constrained wp-block-group-is-layout-constrained\">\n<div style=\"height:27px\" aria-hidden=\"true\" class=\"wp-block-spacer\"><\/div>\n\n\n\n<div style=\"height:0px\" aria-hidden=\"true\" class=\"wp-block-spacer\"><\/div>\n\n\n\n<p class=\"has-text-align-center has-border-color has-secondary-border-color has-secondary-color has-text-color has-background has-link-color wp-elements-fb09d619ff541fa01f38663576fd47a7\" style=\"border-width:3px;border-radius:0px;background-color:#fdf9f9;margin-top:0;margin-right:var(--wp--preset--spacing--x-large);margin-bottom:0;margin-left:var(--wp--preset--spacing--x-large);padding-top:var(--wp--preset--spacing--x-small);padding-right:var(--wp--preset--spacing--x-small);padding-bottom:var(--wp--preset--spacing--x-small);padding-left:var(--wp--preset--spacing--x-small);font-size:clamp(14px, 0.875rem + ((1vw - 3.2px) * 0.531), 20px);\"><strong>DIFERENCIAIS COMPETITIVOS<\/strong><\/p>\n\n\n\n<p class=\"has-border-color has-secondary-border-color has-background has-small-font-size\" style=\"border-width:3px;border-radius:0px;background-color:#fdf9f9;margin-top:0;margin-right:var(--wp--preset--spacing--x-large);margin-bottom:0;margin-left:var(--wp--preset--spacing--x-large);padding-top:var(--wp--preset--spacing--x-small);padding-right:var(--wp--preset--spacing--x-small);padding-bottom:var(--wp--preset--spacing--x-small);padding-left:var(--wp--preset--spacing--x-small)\"><img decoding=\"async\" width=\"10\" height=\"10\n\" src=\"https:\/\/projetoatitudes.com\/page\/wp-content\/uploads\/2025\/06\/Capa-Atitudes-2.png\" alt=\"\u00cdcone Atitudes\"> <strong>Produto exclusivo:<\/strong> O livro Atitudes possui Carta de Exclusividade da C\u00e2mara Brasileira do Livro, o que permite sua aquisi\u00e7\u00e3o por meio de inexigibilidade de licita\u00e7\u00e3o, conforme artigo 74 da Lei de Licita\u00e7\u00f5es.<br><br><img decoding=\"async\" width=\"10\" height=\"10\n\" src=\"https:\/\/projetoatitudes.com\/page\/wp-content\/uploads\/2025\/06\/Capa-Atitudes-2.png\" alt=\"\u00cdcone Atitudes\"> <strong>Livro do Professor:<\/strong> Acompanha respostas, orienta\u00e7\u00f5es e sugest\u00f5es pr\u00e1ticas.<br><br><img decoding=\"async\" width=\"10\" height=\"10\n\" src=\"https:\/\/projetoatitudes.com\/page\/wp-content\/uploads\/2025\/06\/Capa-Atitudes-2.png\" alt=\"\u00cdcone Atitudes\"> <strong>Forma\u00e7\u00e3o de professores: <\/strong>Treinamento presencial ou online, com suporte cont\u00ednuo.<br><br><img decoding=\"async\" width=\"10\" height=\"10\n\" src=\"https:\/\/projetoatitudes.com\/page\/wp-content\/uploads\/2025\/06\/Capa-Atitudes-2.png\" alt=\"\u00cdcone Atitudes\"> <strong>100% alinhado \u00e0 BNCC: <\/strong>Trabalha compet\u00eancias socioemocionais, cognitivas, comportamentais e \u00e9ticas.<\/p>\n\n\n\n<div class=\"wp-block-buttons is-content-justification-center is-layout-flex wp-container-core-buttons-is-layout-a89b3969 wp-block-buttons-is-layout-flex\">\n<div class=\"wp-block-button\"><a class=\"wp-block-button__link has-secondary-background-color has-background wp-element-button\" href=\"https:\/\/projetoatitudes.com\/page\/solicite-sua-proposta\/\">SOLICITAR PROPOSTA<\/a><\/div>\n<\/div>\n\n\n\n<div style=\"height:81px\" aria-hidden=\"true\" class=\"wp-block-spacer\"><\/div>\n<\/div>\n<\/div>\n\n\n\n<p><\/p>\n","protected":false},"excerpt":{"rendered":"<p>Atitudes que educam, valores que permanecem Livro did\u00e1tico complementar para oficinas e projetos em escolas de tempo integral, alinhado \u00e0 BNCC e focado no desenvolvimento de compet\u00eancias socioemocionais, cidadania e autonomia de estudantes do 4\u00ba e 5\u00ba anos. SOBRE O PROJETO O que \u00e9 o Projeto Atitudes? O Projeto Atitudes \u00e9 um material did\u00e1tico criado &hellip; <\/p>\n<p class=\"link-more\"><a href=\"https:\/\/projetoatitudes.com\/page\/\" class=\"more-link\">Leia mais<span class=\"screen-reader-text\"> &#8220;&#8221;<\/span><\/a><\/p>\n","protected":false},"author":1,"featured_media":0,"parent":0,"menu_order":0,"comment_status":"closed","ping_status":"closed","template":"page-templates\/homepage-no-hero.php","meta":{"footnotes":""},"class_list":["post-43","page","type-page","status-publish","hentry"],"_links":{"self":[{"href":"https:\/\/projetoatitudes.com\/page\/wp-json\/wp\/v2\/pages\/43","targetHints":{"allow":["GET"]}}],"collection":[{"href":"https:\/\/projetoatitudes.com\/page\/wp-json\/wp\/v2\/pages"}],"about":[{"href":"https:\/\/projetoatitudes.com\/page\/wp-json\/wp\/v2\/types\/page"}],"author":[{"embeddable":true,"href":"https:\/\/projetoatitudes.com\/page\/wp-json\/wp\/v2\/users\/1"}],"replies":[{"embeddable":true,"href":"https:\/\/projetoatitudes.com\/page\/wp-json\/wp\/v2\/comments?post=43"}],"version-history":[{"count":159,"href":"https:\/\/projetoatitudes.com\/page\/wp-json\/wp\/v2\/pages\/43\/revisions"}],"predecessor-version":[{"id":952,"href":"https:\/\/projetoatitudes.com\/page\/wp-json\/wp\/v2\/pages\/43\/revisions\/952"}],"wp:attachment":[{"href":"https:\/\/projetoatitudes.com\/page\/wp-json\/wp\/v2\/media?parent=43"}],"curies":[{"name":"wp","href":"https:\/\/api.w.org\/{rel}","templated":true}]}}