{"id":324,"date":"2025-05-27T20:21:42","date_gmt":"2025-05-27T20:21:42","guid":{"rendered":"https:\/\/projetoatitudes.com\/page\/?page_id=324"},"modified":"2025-06-16T21:11:22","modified_gmt":"2025-06-16T21:11:22","slug":"solicite-sua-proposta","status":"publish","type":"page","link":"https:\/\/projetoatitudes.com\/page\/solicite-sua-proposta\/","title":{"rendered":"Solicite sua proposta"},"content":{"rendered":"\n<p class=\"has-secondary-color has-text-color has-link-color wp-elements-42fc5273201a47c5c0af451f3511af67\" style=\"font-size:clamp(15.747px, 0.984rem + ((1vw - 3.2px) * 0.73), 24px);\"><strong>COMO ADQUIRIR<\/strong><\/p>\n\n\n\n<h2 class=\"wp-block-heading has-secondary-color has-text-color has-link-color has-medium-font-size wp-elements-df94e049492b05d1c2954592dfc33d0c\">Leve o Projeto Atitudes para sua Rede de Ensino<\/h2>\n\n\n\n<p>\u00c9 simples e seguro! O Projeto Atitudes est\u00e1 dispon\u00edvel para Prefeituras, Secretarias de Educa\u00e7\u00e3o e Institui\u00e7\u00f5es de Ensino. <\/p>\n\n\n\n<p>Por se tratar de um produto com exclusividade certificada pela C\u00e2mara Brasileira do Livro, sua aquisi\u00e7\u00e3o ocorre por meio do processo de licita\u00e7\u00e3o para produto exclusivo.<\/p>\n\n\n\n<p class=\"has-secondary-color has-text-color has-link-color wp-elements-d3a3114ab07bcdcf8bd418377b20a1dd\"><strong>Quer saber mais?<\/strong><\/p>\n\n\n\n<p>Entre em contato conosco pelo Whatsapp, nossa equipe est\u00e1 pronta para atender voc\u00ea e sua Escola!<\/p>\n\n\n\n<p><\/p>\n\n\n\n<div class=\"wp-block-group has-global-padding is-layout-constrained wp-block-group-is-layout-constrained\">\n<p class=\"has-text-align-center has-border-color has-secondary-border-color has-secondary-color has-text-color has-background has-link-color has-medium-font-size wp-elements-e5d6cfe52baab4088d1948e98587dd4e\" style=\"border-width:3px;border-radius:0px;background-color:#fdf9f9;margin-top:0;margin-right:var(--wp--preset--spacing--x-large);margin-bottom:0;margin-left:var(--wp--preset--spacing--x-large);padding-top:var(--wp--preset--spacing--x-small);padding-right:var(--wp--preset--spacing--x-small);padding-bottom:var(--wp--preset--spacing--x-small);padding-left:var(--wp--preset--spacing--x-small)\"><strong>DIFERENCIAIS COMPETITIVOS<\/strong><\/p>\n\n\n\n<p class=\"has-border-color has-secondary-border-color has-background has-small-font-size\" style=\"border-width:3px;border-radius:0px;background-color:#fdf9f9;margin-top:0;margin-right:var(--wp--preset--spacing--x-large);margin-bottom:0;margin-left:var(--wp--preset--spacing--x-large);padding-top:var(--wp--preset--spacing--x-small);padding-right:var(--wp--preset--spacing--x-small);padding-bottom:var(--wp--preset--spacing--x-small);padding-left:var(--wp--preset--spacing--x-small)\"><img decoding=\"async\" width=\"10\" height=\"10\n\" src=\"https:\/\/projetoatitudes.com\/page\/wp-content\/uploads\/2025\/06\/Capa-Atitudes-2.png\" alt=\"\u00cdcone Atitudes\"> <strong>Produto exclusivo:<\/strong> O livro Atitudes possui Carta de Exclusividade da C\u00e2mara Brasileira do Livro, o que permite sua aquisi\u00e7\u00e3o por meio de inexigibilidade de licita\u00e7\u00e3o, conforme artigo 74 da Lei de Licita\u00e7\u00f5es.<br><br><img decoding=\"async\" width=\"10\" height=\"10\n\" src=\"https:\/\/projetoatitudes.com\/page\/wp-content\/uploads\/2025\/06\/Capa-Atitudes-2.png\" alt=\"\u00cdcone Atitudes\"> <strong>Livro do Professor:<\/strong> Acompanha respostas, orienta\u00e7\u00f5es e sugest\u00f5es pr\u00e1ticas.<br><br><img decoding=\"async\" width=\"10\" height=\"10\n\" src=\"https:\/\/projetoatitudes.com\/page\/wp-content\/uploads\/2025\/06\/Capa-Atitudes-2.png\" alt=\"\u00cdcone Atitudes\"> <strong>Forma\u00e7\u00e3o de professores: <\/strong>Treinamento presencial ou online, com suporte cont\u00ednuo.<br><br><img decoding=\"async\" width=\"10\" height=\"10\n\" src=\"https:\/\/projetoatitudes.com\/page\/wp-content\/uploads\/2025\/06\/Capa-Atitudes-2.png\" alt=\"\u00cdcone Atitudes\"> <strong>100% alinhado \u00e0 BNCC: <\/strong>Trabalha compet\u00eancias socioemocionais, cognitivas, comportamentais e \u00e9ticas.<\/p>\n<\/div>\n\n\n\n<div style=\"height:27px\" aria-hidden=\"true\" class=\"wp-block-spacer\"><\/div>\n\n\n\n<div style=\"height:0px\" aria-hidden=\"true\" class=\"wp-block-spacer\"><\/div>\n\n\n\n<div class=\"wp-block-buttons is-horizontal is-content-justification-center is-layout-flex wp-container-core-buttons-is-layout-03627597 wp-block-buttons-is-layout-flex\">\n<div class=\"wp-block-button\"><a class=\"wp-block-button__link has-secondary-background-color has-background has-text-align-center wp-element-button\" href=\"https:\/\/wa.me\/554632258831?text=Ol%C3%A1!%20Muito%20bom%20ter%20voc%C3%AA%20aqui%20com%20a%20gente.%0AEste%20%C3%A9%20o%20atendimento%20do%20Projeto%20Atitudes,%20uma%20proposta%20para%20educar%20com%20respeito,%20empatia%20e%20prop%C3%B3sito.%0AComo%20podemos%20te%20ajudar%3F\"><img loading=\"lazy\" decoding=\"async\" width=\"30\" height=\"30\" class=\"wp-image-917\" style=\"width: 30px;\" src=\"https:\/\/projetoatitudes.com\/page\/wp-content\/uploads\/2025\/06\/whatsapp.png\" alt=\"\" srcset=\"https:\/\/projetoatitudes.com\/page\/wp-content\/uploads\/2025\/06\/whatsapp.png 600w, https:\/\/projetoatitudes.com\/page\/wp-content\/uploads\/2025\/06\/whatsapp-300x300.png 300w, https:\/\/projetoatitudes.com\/page\/wp-content\/uploads\/2025\/06\/whatsapp-150x150.png 150w\" sizes=\"auto, (max-width: 30px) 100vw, 30px\" \/>  <strong>FALE CONOSCO<\/strong><\/a><\/div>\n<\/div>\n\n\n\n<div style=\"height:100px\" aria-hidden=\"true\" class=\"wp-block-spacer\"><\/div>\n\n\n\n<p><\/p>\n\n\n\n<p><\/p>\n\n\n\n<p><\/p>\n\n\n\n<p><\/p>\n","protected":false},"excerpt":{"rendered":"<p>COMO ADQUIRIR Leve o Projeto Atitudes para sua Rede de Ensino \u00c9 simples e seguro! O Projeto Atitudes est\u00e1 dispon\u00edvel para Prefeituras, Secretarias de Educa\u00e7\u00e3o e Institui\u00e7\u00f5es de Ensino. Por se tratar de um produto com exclusividade certificada pela C\u00e2mara Brasileira do Livro, sua aquisi\u00e7\u00e3o ocorre por meio do processo de licita\u00e7\u00e3o para produto exclusivo. &hellip; <\/p>\n<p class=\"link-more\"><a href=\"https:\/\/projetoatitudes.com\/page\/solicite-sua-proposta\/\" class=\"more-link\">Leia mais<span class=\"screen-reader-text\"> &#8220;Solicite sua proposta&#8221;<\/span><\/a><\/p>\n","protected":false},"author":1,"featured_media":0,"parent":0,"menu_order":0,"comment_status":"closed","ping_status":"closed","template":"","meta":{"footnotes":""},"class_list":["post-324","page","type-page","status-publish","hentry"],"_links":{"self":[{"href":"https:\/\/projetoatitudes.com\/page\/wp-json\/wp\/v2\/pages\/324","targetHints":{"allow":["GET"]}}],"collection":[{"href":"https:\/\/projetoatitudes.com\/page\/wp-json\/wp\/v2\/pages"}],"about":[{"href":"https:\/\/projetoatitudes.com\/page\/wp-json\/wp\/v2\/types\/page"}],"author":[{"embeddable":true,"href":"https:\/\/projetoatitudes.com\/page\/wp-json\/wp\/v2\/users\/1"}],"replies":[{"embeddable":true,"href":"https:\/\/projetoatitudes.com\/page\/wp-json\/wp\/v2\/comments?post=324"}],"version-history":[{"count":22,"href":"https:\/\/projetoatitudes.com\/page\/wp-json\/wp\/v2\/pages\/324\/revisions"}],"predecessor-version":[{"id":941,"href":"https:\/\/projetoatitudes.com\/page\/wp-json\/wp\/v2\/pages\/324\/revisions\/941"}],"wp:attachment":[{"href":"https:\/\/projetoatitudes.com\/page\/wp-json\/wp\/v2\/media?parent=324"}],"curies":[{"name":"wp","href":"https:\/\/api.w.org\/{rel}","templated":true}]}}