{"id":306,"date":"2025-05-27T20:05:26","date_gmt":"2025-05-27T20:05:26","guid":{"rendered":"https:\/\/projetoatitudes.com\/page\/?page_id=306"},"modified":"2025-06-16T19:34:01","modified_gmt":"2025-06-16T19:34:01","slug":"depoimentos","status":"publish","type":"page","link":"https:\/\/projetoatitudes.com\/page\/depoimentos\/","title":{"rendered":"Depoimentos"},"content":{"rendered":"\n<div class=\"wp-block-group has-global-padding is-layout-constrained wp-block-group-is-layout-constrained\">\n<div class=\"wp-block-group has-global-padding is-layout-constrained wp-block-group-is-layout-constrained\">\n<div class=\"wp-block-columns is-layout-flex wp-container-core-columns-is-layout-28f84493 wp-block-columns-is-layout-flex\">\n<div class=\"wp-block-column is-layout-flow wp-block-column-is-layout-flow\">\n<p class=\"has-text-align-center\" style=\"font-size:clamp(15.747px, 0.984rem + ((1vw - 3.2px) * 0.73), 24px);\"><strong><mark style=\"background-color:rgba(0, 0, 0, 0)\" class=\"has-inline-color has-secondary-color\">J\u00c1 TEMOS HIST\u00d3RIAS PARA CONTAR<\/mark><\/strong><\/p>\n\n\n\n<div style=\"height:27px\" aria-hidden=\"true\" class=\"wp-block-spacer\"><\/div>\n\n\n\n<div class=\"wp-block-group has-global-padding is-layout-constrained wp-block-group-is-layout-constrained\">\n<div class=\"wp-block-columns is-layout-flex wp-container-core-columns-is-layout-28f84493 wp-block-columns-is-layout-flex\">\n<div class=\"wp-block-column is-layout-flow wp-block-column-is-layout-flow\" style=\"flex-basis:100%\">\n<figure class=\"wp-block-embed is-type-video is-provider-youtube wp-block-embed-youtube wp-embed-aspect-16-9 wp-has-aspect-ratio\"><div class=\"wp-block-embed__wrapper\">\n<iframe loading=\"lazy\" title=\"Adriana - Depoimento sobre o Projeto Atitudes\" width=\"950\" height=\"534\" src=\"https:\/\/www.youtube.com\/embed\/DK3XC1fVduA?feature=oembed\" frameborder=\"0\" allow=\"accelerometer; autoplay; clipboard-write; encrypted-media; gyroscope; picture-in-picture; web-share\" referrerpolicy=\"strict-origin-when-cross-origin\" allowfullscreen><\/iframe>\n<\/div><\/figure>\n<\/div>\n<\/div>\n<\/div>\n\n\n\n<p class=\"has-border-color has-secondary-border-color has-primary-color has-text-color has-background has-link-color wp-elements-63b93e3093864d9a76535671f52efa35\" style=\"border-width:3px;background-color:#fdf9f9\">\u201cO Projeto Atitudes tem sido desenvolvido em nossa escola por todos os professores de terceiro ano, O material \u00e9 muito bom e tem apresentado \u00f3timos resultados. As atividades t\u00eam estimulado nos alunos o trabalho em grupo, a solidariedade, a colabora\u00e7\u00e3o e a consci\u00eancia \u00e9tica\u201d.<br><strong><em>Edin\u00e9ia Kagimura &#8211; Diretora<\/em><\/strong><\/p>\n\n\n\n<p class=\"has-border-color has-secondary-border-color has-primary-color has-text-color has-background has-link-color wp-elements-e0379d579b536de1aece500272ea6b18\" style=\"border-width:3px;background-color:#fdf9f9\">\u201cSobre o desenvolvimento do Projeto Atitudes em nossas escolas municipais, podemos afirmar que o trabalho \u00e9 muito importante para o desenvolvimento de nossos alunos, atende os desejos da fam\u00edlia e da escola no que se refere ao conv\u00edvio social e ao relacionamento entre aluno, professora e fam\u00edlias\u201d.<br><strong><em>Marines F. Hoppen, &#8211; Sec. Educa\u00e7\u00e3o de Mari\u00f3polis\/PR<\/em><\/strong><\/p>\n\n\n\n<figure class=\"wp-block-embed is-type-video is-provider-youtube wp-block-embed-youtube wp-embed-aspect-16-9 wp-has-aspect-ratio\"><div class=\"wp-block-embed__wrapper\">\n<iframe loading=\"lazy\" title=\"Glaer - Estrutura Pedag\u00f3gica e Alinhamento \u00e0 BNCC\" width=\"950\" height=\"534\" src=\"https:\/\/www.youtube.com\/embed\/CFNJUIHVtps?feature=oembed\" frameborder=\"0\" allow=\"accelerometer; autoplay; clipboard-write; encrypted-media; gyroscope; picture-in-picture; web-share\" referrerpolicy=\"strict-origin-when-cross-origin\" allowfullscreen><\/iframe>\n<\/div><\/figure>\n\n\n\n<p class=\"has-border-color has-secondary-border-color has-primary-color has-text-color has-background has-link-color wp-elements-e0a5b1b835dfcadf88efdbb909e4bc71\" style=\"border-width:3px;background-color:#fdf9f9\">\u201cCom o Projeto Atitudes valorizamos o ser humano, resgatando a import\u00e2ncia das virtudes que devem ser ensinadas para levar a constru\u00e7\u00e3o da cidadania, atrav\u00e9s de regras de conviv\u00eancia.<br>\u00c9 desde pequenos que aprendemos a ter h\u00e1bitos importantes da vida cotidiana, que ajudar\u00e3o no conv\u00edvio agrad\u00e1vel com os outros a si mesmo\u201c.<br><strong><em>Roziane Puntel Kaminski &#8211; Diretoria da Escola<\/em><\/strong><\/p>\n\n\n\n<p class=\"has-border-color has-secondary-border-color has-primary-color has-text-color has-background has-link-color wp-elements-c057138887090c60d1d1c23e890d824a\" style=\"border-width:3px;background-color:#fdf9f9\">&#8220;O projeto Atitudes vem de encontro a v\u00e1rias necessidades dos alunos de estarem sendo inclu\u00eddos dentro de um processo de socializa\u00e7\u00e3o. Atrav\u00e9s do Projeto percebemos a necessidade de se estar buscando transformar o aluno, suas atitudes e maneiras de se portar&#8221;.<br><strong><em>Edevair de Almeida Haeflige &#8211; coordenadora pedag\u00f3gica<\/em><\/strong><\/p>\n\n\n\n<figure class=\"wp-block-embed is-type-video is-provider-youtube wp-block-embed-youtube wp-embed-aspect-16-9 wp-has-aspect-ratio\"><div class=\"wp-block-embed__wrapper\">\n<iframe loading=\"lazy\" title=\"Romilda - Depoimento sobre o Projeto Atitudes\" width=\"950\" height=\"534\" src=\"https:\/\/www.youtube.com\/embed\/AHZ4pFn3bn4?feature=oembed\" frameborder=\"0\" allow=\"accelerometer; autoplay; clipboard-write; encrypted-media; gyroscope; picture-in-picture; web-share\" referrerpolicy=\"strict-origin-when-cross-origin\" allowfullscreen><\/iframe>\n<\/div><\/figure>\n\n\n\n<p class=\"has-border-color has-secondary-border-color has-primary-color has-text-color has-background has-link-color wp-elements-9ba6164d38bd28ae26cfdcff95d749db\" style=\"border-width:3px;background-color:#fdf9f9\">\u201cO projeto Atitudes boas maneiras, valores e cidadania \u00e9 muito importante, pois suas li\u00e7\u00f5es abordam temas que complementam a forma\u00e7\u00e3o dos alunos. Nas aulas os alunos s\u00e3o participativos, demonstram interesse e a partir delas refletem, sobre sua pr\u00f3pria vida e buscam mudar suas atitudes para melhor&#8221;.<br><strong><em>Sandra Brand\u00e3o &#8211; Professora<\/em><\/strong><\/p>\n\n\n\n<p class=\"has-border-color has-secondary-border-color has-primary-color has-text-color has-background has-link-color wp-elements-fed259962dc12e65c74ebf1ce4bf3b45\" style=\"border-width:3px;background-color:#fdf9f9\">&#8220;O Projeto Atitudes nos proporcionou momentos especiais, pois houve a transforma\u00e7\u00e3o das crian\u00e7as nos ambientes como o refeit\u00f3rio, \u00f4nibus, quadras de esporte. Alguns educadores ao continuar praticando com seus alunos os ensinamentos do Projeto Atitudes, percebem mudan\u00e7as significativas na vida das crian\u00e7as&#8221;.<br><strong>Irm\u00e3 Eliana Sartori &#8211; Projeto Gente<\/strong><\/p>\n\n\n\n<figure class=\"wp-block-embed is-type-video is-provider-youtube wp-block-embed-youtube wp-embed-aspect-16-9 wp-has-aspect-ratio\"><div class=\"wp-block-embed__wrapper\">\n<iframe loading=\"lazy\" title=\"Iv\u00e2nia - Depoimento sobre o Projeto Atitudes\" width=\"950\" height=\"534\" src=\"https:\/\/www.youtube.com\/embed\/q2PVvxCjCtY?feature=oembed\" frameborder=\"0\" allow=\"accelerometer; autoplay; clipboard-write; encrypted-media; gyroscope; picture-in-picture; web-share\" referrerpolicy=\"strict-origin-when-cross-origin\" allowfullscreen><\/iframe>\n<\/div><\/figure>\n<\/div>\n<\/div>\n<\/div>\n<\/div>\n\n\n\n<div style=\"height:56px\" aria-hidden=\"true\" class=\"wp-block-spacer\"><\/div>\n","protected":false},"excerpt":{"rendered":"<p>J\u00c1 TEMOS HIST\u00d3RIAS PARA CONTAR \u201cO Projeto Atitudes tem sido desenvolvido em nossa escola por todos os professores de terceiro ano, O material \u00e9 muito bom e tem apresentado \u00f3timos resultados. As atividades t\u00eam estimulado nos alunos o trabalho em grupo, a solidariedade, a colabora\u00e7\u00e3o e a consci\u00eancia \u00e9tica\u201d.Edin\u00e9ia Kagimura &#8211; Diretora \u201cSobre o desenvolvimento &hellip; <\/p>\n<p class=\"link-more\"><a href=\"https:\/\/projetoatitudes.com\/page\/depoimentos\/\" class=\"more-link\">Leia mais<span class=\"screen-reader-text\"> &#8220;Depoimentos&#8221;<\/span><\/a><\/p>\n","protected":false},"author":1,"featured_media":0,"parent":0,"menu_order":0,"comment_status":"closed","ping_status":"closed","template":"page-templates\/full-width-builder-bb.php","meta":{"footnotes":""},"class_list":["post-306","page","type-page","status-publish","hentry"],"_links":{"self":[{"href":"https:\/\/projetoatitudes.com\/page\/wp-json\/wp\/v2\/pages\/306","targetHints":{"allow":["GET"]}}],"collection":[{"href":"https:\/\/projetoatitudes.com\/page\/wp-json\/wp\/v2\/pages"}],"about":[{"href":"https:\/\/projetoatitudes.com\/page\/wp-json\/wp\/v2\/types\/page"}],"author":[{"embeddable":true,"href":"https:\/\/projetoatitudes.com\/page\/wp-json\/wp\/v2\/users\/1"}],"replies":[{"embeddable":true,"href":"https:\/\/projetoatitudes.com\/page\/wp-json\/wp\/v2\/comments?post=306"}],"version-history":[{"count":21,"href":"https:\/\/projetoatitudes.com\/page\/wp-json\/wp\/v2\/pages\/306\/revisions"}],"predecessor-version":[{"id":903,"href":"https:\/\/projetoatitudes.com\/page\/wp-json\/wp\/v2\/pages\/306\/revisions\/903"}],"wp:attachment":[{"href":"https:\/\/projetoatitudes.com\/page\/wp-json\/wp\/v2\/media?parent=306"}],"curies":[{"name":"wp","href":"https:\/\/api.w.org\/{rel}","templated":true}]}}